{"id":39,"date":"2017-05-24T10:19:32","date_gmt":"2017-05-24T08:19:32","guid":{"rendered":"http:\/\/holzbodenseife.com\/?page_id=39"},"modified":"2019-03-05T11:37:12","modified_gmt":"2019-03-05T10:37:12","slug":"impressum","status":"publish","type":"page","link":"https:\/\/holzbodenseife.com\/index.php\/impressum\/","title":{"rendered":"Impressum"},"content":{"rendered":"<h2>Anbieterkennzeichnung<\/h2>\n<p>bioraum GmbH<br \/>\nZienkener Str. 8a<br \/>\n79379 M\u00fcllheim<\/p>\n<p>[ <a href=\"http:\/\/www.bioraum.de\/impressum.php#anfahrt\">Anfahrt<\/a> ]<\/p>\n<h4>Informationen zur schnellen Kontaktaufnahme<\/h4>\n<p>Telefon 07631\/ 1832-0<br \/>\nTelefax 07631\/ 1832-999<\/p>\n<p>Internet: <a href=\"http:\/\/www.bioraum.de\/\">www.bioraum.de<\/a><br \/>\nEmail: info@bioraum.de<\/p>\n<h4>Angabe der Vertretungsberechtigten<\/h4>\n<p>vertretungsberechtigte Gesch\u00e4ftsf\u00fchrer:<br \/>\nJ\u00f6rg Punge<br \/>\nAndreas Bunde<\/p>\n<h4>Register und Registernummer<\/h4>\n<p>Handelsregister: HRB 700743 Registergericht Freiburg i.Brsg.<\/p>\n<h4>Umsatzsteuer-Identifikationsnummer<\/h4>\n<p>USt.-IdNr: DE251939940<\/p>\n<p>Bitte beachten Sie auch unseren <a href=\"http:\/\/www.bioraum.de\/impressum.php#fotos\">Bildnachweis<\/a>.<\/p>\n<p><a href=\"http:\/\/www.bioraum.de\/datenschutz\">Datenschutz<\/a><\/p>\n<h2>Speicherung und Verwendung unserer Impressumsdaten<\/h2>\n<p>Wir widersprechen ausdr\u00fccklich jeder Speicherung, Verwendung oder Weitergabe der hier ver\u00f6ffentlichen Angaben zu gewerblichen Zwecken.<\/p>\n","protected":false},"excerpt":{"rendered":"<p>Anbieterkennzeichnung bioraum GmbH Zienkener Str. 8a 79379 M\u00fcllheim [ Anfahrt ] Informationen zur schnellen Kontaktaufnahme Telefon 07631\/ 1832-0 Telefax 07631\/ 1832-999 Internet: www.bioraum.de Email: info@bioraum.de Angabe der Vertretungsberechtigten vertretungsberechtigte Gesch\u00e4ftsf\u00fchrer: J\u00f6rg Punge Andreas Bunde Register und Registernummer Handelsregister: HRB 700743 Registergericht Freiburg i.Brsg. Umsatzsteuer-Identifikationsnummer USt.-IdNr: DE251939940 Bitte beachten Sie auch unseren Bildnachweis. Datenschutz Speicherung und&hellip;<\/p>\n","protected":false},"author":1,"featured_media":0,"parent":0,"menu_order":0,"comment_status":"closed","ping_status":"closed","template":"","meta":{"footnotes":""},"class_list":["post-39","page","type-page","status-publish","hentry","no-post-thumbnail","post-grid-3-col","entry"],"yoast_head":"<!-- This site is optimized with the Yoast SEO plugin v24.9 - https:\/\/yoast.com\/wordpress\/plugins\/seo\/ -->\n<title>Impressum - WOCA Holzbodenseife<\/title>\n<meta name=\"robots\" content=\"index, follow, max-snippet:-1, max-image-preview:large, max-video-preview:-1\" \/>\n<link rel=\"canonical\" href=\"https:\/\/holzbodenseife.com\/index.php\/impressum\/\" \/>\n<meta property=\"og:locale\" content=\"de_DE\" \/>\n<meta property=\"og:type\" content=\"article\" \/>\n<meta property=\"og:title\" content=\"Impressum - WOCA Holzbodenseife\" \/>\n<meta property=\"og:description\" content=\"Anbieterkennzeichnung bioraum GmbH Zienkener Str. 8a 79379 M\u00fcllheim [ Anfahrt ] Informationen zur schnellen Kontaktaufnahme Telefon 07631\/ 1832-0 Telefax 07631\/ 1832-999 Internet: www.bioraum.de Email: info@bioraum.de Angabe der Vertretungsberechtigten vertretungsberechtigte Gesch\u00e4ftsf\u00fchrer: J\u00f6rg Punge Andreas Bunde Register und Registernummer Handelsregister: HRB 700743 Registergericht Freiburg i.Brsg. Umsatzsteuer-Identifikationsnummer USt.-IdNr: DE251939940 Bitte beachten Sie auch unseren Bildnachweis. Datenschutz Speicherung und&hellip;\" \/>\n<meta property=\"og:url\" content=\"https:\/\/holzbodenseife.com\/index.php\/impressum\/\" \/>\n<meta property=\"og:site_name\" content=\"WOCA Holzbodenseife\" \/>\n<meta property=\"article:modified_time\" content=\"2019-03-05T10:37:12+00:00\" \/>\n<meta name=\"twitter:card\" content=\"summary_large_image\" \/>\n<script type=\"application\/ld+json\" class=\"yoast-schema-graph\">{\"@context\":\"https:\/\/schema.org\",\"@graph\":[{\"@type\":\"WebPage\",\"@id\":\"https:\/\/holzbodenseife.com\/index.php\/impressum\/\",\"url\":\"https:\/\/holzbodenseife.com\/index.php\/impressum\/\",\"name\":\"Impressum - WOCA Holzbodenseife\",\"isPartOf\":{\"@id\":\"https:\/\/holzbodenseife.com\/#website\"},\"datePublished\":\"2017-05-24T08:19:32+00:00\",\"dateModified\":\"2019-03-05T10:37:12+00:00\",\"breadcrumb\":{\"@id\":\"https:\/\/holzbodenseife.com\/index.php\/impressum\/#breadcrumb\"},\"inLanguage\":\"de\",\"potentialAction\":[{\"@type\":\"ReadAction\",\"target\":[\"https:\/\/holzbodenseife.com\/index.php\/impressum\/\"]}]},{\"@type\":\"BreadcrumbList\",\"@id\":\"https:\/\/holzbodenseife.com\/index.php\/impressum\/#breadcrumb\",\"itemListElement\":[{\"@type\":\"ListItem\",\"position\":1,\"name\":\"Startseite\",\"item\":\"https:\/\/holzbodenseife.com\/\"},{\"@type\":\"ListItem\",\"position\":2,\"name\":\"Impressum\"}]},{\"@type\":\"WebSite\",\"@id\":\"https:\/\/holzbodenseife.com\/#website\",\"url\":\"https:\/\/holzbodenseife.com\/\",\"name\":\"WOCA Holzbodenseife\",\"description\":\"Eine Infoseite von BIORAUM \/ wocashop.de\",\"potentialAction\":[{\"@type\":\"SearchAction\",\"target\":{\"@type\":\"EntryPoint\",\"urlTemplate\":\"https:\/\/holzbodenseife.com\/?s={search_term_string}\"},\"query-input\":{\"@type\":\"PropertyValueSpecification\",\"valueRequired\":true,\"valueName\":\"search_term_string\"}}],\"inLanguage\":\"de\"}]}<\/script>\n<!-- \/ Yoast SEO plugin. -->","yoast_head_json":{"title":"Impressum - WOCA Holzbodenseife","robots":{"index":"index","follow":"follow","max-snippet":"max-snippet:-1","max-image-preview":"max-image-preview:large","max-video-preview":"max-video-preview:-1"},"canonical":"https:\/\/holzbodenseife.com\/index.php\/impressum\/","og_locale":"de_DE","og_type":"article","og_title":"Impressum - WOCA Holzbodenseife","og_description":"Anbieterkennzeichnung bioraum GmbH Zienkener Str. 8a 79379 M\u00fcllheim [ Anfahrt ] Informationen zur schnellen Kontaktaufnahme Telefon 07631\/ 1832-0 Telefax 07631\/ 1832-999 Internet: www.bioraum.de Email: info@bioraum.de Angabe der Vertretungsberechtigten vertretungsberechtigte Gesch\u00e4ftsf\u00fchrer: J\u00f6rg Punge Andreas Bunde Register und Registernummer Handelsregister: HRB 700743 Registergericht Freiburg i.Brsg. Umsatzsteuer-Identifikationsnummer USt.-IdNr: DE251939940 Bitte beachten Sie auch unseren Bildnachweis. Datenschutz Speicherung und&hellip;","og_url":"https:\/\/holzbodenseife.com\/index.php\/impressum\/","og_site_name":"WOCA Holzbodenseife","article_modified_time":"2019-03-05T10:37:12+00:00","twitter_card":"summary_large_image","schema":{"@context":"https:\/\/schema.org","@graph":[{"@type":"WebPage","@id":"https:\/\/holzbodenseife.com\/index.php\/impressum\/","url":"https:\/\/holzbodenseife.com\/index.php\/impressum\/","name":"Impressum - WOCA Holzbodenseife","isPartOf":{"@id":"https:\/\/holzbodenseife.com\/#website"},"datePublished":"2017-05-24T08:19:32+00:00","dateModified":"2019-03-05T10:37:12+00:00","breadcrumb":{"@id":"https:\/\/holzbodenseife.com\/index.php\/impressum\/#breadcrumb"},"inLanguage":"de","potentialAction":[{"@type":"ReadAction","target":["https:\/\/holzbodenseife.com\/index.php\/impressum\/"]}]},{"@type":"BreadcrumbList","@id":"https:\/\/holzbodenseife.com\/index.php\/impressum\/#breadcrumb","itemListElement":[{"@type":"ListItem","position":1,"name":"Startseite","item":"https:\/\/holzbodenseife.com\/"},{"@type":"ListItem","position":2,"name":"Impressum"}]},{"@type":"WebSite","@id":"https:\/\/holzbodenseife.com\/#website","url":"https:\/\/holzbodenseife.com\/","name":"WOCA Holzbodenseife","description":"Eine Infoseite von BIORAUM \/ wocashop.de","potentialAction":[{"@type":"SearchAction","target":{"@type":"EntryPoint","urlTemplate":"https:\/\/holzbodenseife.com\/?s={search_term_string}"},"query-input":{"@type":"PropertyValueSpecification","valueRequired":true,"valueName":"search_term_string"}}],"inLanguage":"de"}]}},"_links":{"self":[{"href":"https:\/\/holzbodenseife.com\/index.php\/wp-json\/wp\/v2\/pages\/39","targetHints":{"allow":["GET"]}}],"collection":[{"href":"https:\/\/holzbodenseife.com\/index.php\/wp-json\/wp\/v2\/pages"}],"about":[{"href":"https:\/\/holzbodenseife.com\/index.php\/wp-json\/wp\/v2\/types\/page"}],"author":[{"embeddable":true,"href":"https:\/\/holzbodenseife.com\/index.php\/wp-json\/wp\/v2\/users\/1"}],"replies":[{"embeddable":true,"href":"https:\/\/holzbodenseife.com\/index.php\/wp-json\/wp\/v2\/comments?post=39"}],"version-history":[{"count":3,"href":"https:\/\/holzbodenseife.com\/index.php\/wp-json\/wp\/v2\/pages\/39\/revisions"}],"predecessor-version":[{"id":178,"href":"https:\/\/holzbodenseife.com\/index.php\/wp-json\/wp\/v2\/pages\/39\/revisions\/178"}],"wp:attachment":[{"href":"https:\/\/holzbodenseife.com\/index.php\/wp-json\/wp\/v2\/media?parent=39"}],"curies":[{"name":"wp","href":"https:\/\/api.w.org\/{rel}","templated":true}]}}